{"id":18138,"date":"2022-09-22T16:36:38","date_gmt":"2022-09-22T16:36:38","guid":{"rendered":"https:\/\/solongevitypro.com\/services-to-the-public\/age360-program\/longevity-clinic-la-salette\/"},"modified":"2022-12-02T14:18:02","modified_gmt":"2022-12-02T14:18:02","slug":"longevity-clinic-la-salette","status":"publish","type":"page","link":"https:\/\/solongevity.com\/en\/clinic\/age360-programme\/longevity-clinic-la-salette\/","title":{"rendered":"Longevity Clinic La Salette"},"content":{"rendered":"<p>[et_pb_section fb_built=&#8221;1&#8243; custom_padding_last_edited=&#8221;on|phone&#8221; _builder_version=&#8221;4.17.6&#8243; _module_preset=&#8221;default&#8221; background_color=&#8221;gcid-03c99c21-4e3e-419b-9dc5-5f282bf80544&#8243; custom_margin=&#8221;0px||0px||false|false&#8221; custom_padding=&#8221;0px||150px||false|false&#8221; custom_padding_tablet=&#8221;50px||150px||false|false&#8221; custom_padding_phone=&#8221;|5%||5%|false|true&#8221; da_disable_devices=&#8221;off|off|off&#8221; global_colors_info=&#8221;{%22gcid-03c99c21-4e3e-419b-9dc5-5f282bf80544%22:%91%22background_color%22%93}&#8221; da_is_popup=&#8221;off&#8221; da_exit_intent=&#8221;off&#8221; da_has_close=&#8221;on&#8221; da_alt_close=&#8221;off&#8221; da_dark_close=&#8221;off&#8221; da_not_modal=&#8221;on&#8221; da_is_singular=&#8221;off&#8221; da_with_loader=&#8221;off&#8221; da_has_shadow=&#8221;on&#8221;][et_pb_row _builder_version=&#8221;4.17.4&#8243; _module_preset=&#8221;default&#8221; width=&#8221;95%&#8221; max_width=&#8221;1440px&#8221; module_alignment=&#8221;center&#8221; global_colors_info=&#8221;{}&#8221;][et_pb_column type=&#8221;4_4&#8243; _builder_version=&#8221;4.17.4&#8243; _module_preset=&#8221;default&#8221; global_colors_info=&#8221;{}&#8221;][et_pb_post_title meta=&#8221;off&#8221; featured_image=&#8221;off&#8221; text_color=&#8221;light&#8221; _builder_version=&#8221;4.17.6&#8243; _module_preset=&#8221;default&#8221; title_text_color=&#8221;gcid-6361d519-a3f1-44ad-8db6-e7d077575dc1&#8243; title_font_size=&#8221;3.75rem&#8221; title_font_size_tablet=&#8221;3.75rem&#8221; title_font_size_phone=&#8221;2.25rem&#8221; title_font_size_last_edited=&#8221;on|phone&#8221; global_colors_info=&#8221;{%22gcid-6361d519-a3f1-44ad-8db6-e7d077575dc1%22:%91%22title_text_color%22%93}&#8221;][\/et_pb_post_title][\/et_pb_column][\/et_pb_row][\/et_pb_section][et_pb_section fb_built=&#8221;1&#8243; _builder_version=&#8221;4.17.4&#8243; _module_preset=&#8221;default&#8221; background_color=&#8221;gcid-2048070e-b1d9-40aa-9c02-eff53b6e8a68&#8243; custom_margin=&#8221;0px||0px||false|false&#8221; custom_padding=&#8221;||0px||false|false&#8221; da_disable_devices=&#8221;off|off|off&#8221; global_colors_info=&#8221;{%22gcid-2048070e-b1d9-40aa-9c02-eff53b6e8a68%22:%91%22background_color%22%93}&#8221; da_is_popup=&#8221;off&#8221; da_exit_intent=&#8221;off&#8221; da_has_close=&#8221;on&#8221; da_alt_close=&#8221;off&#8221; da_dark_close=&#8221;off&#8221; da_not_modal=&#8221;on&#8221; da_is_singular=&#8221;off&#8221; da_with_loader=&#8221;off&#8221; da_has_shadow=&#8221;on&#8221;][et_pb_row custom_padding_last_edited=&#8221;on|phone&#8221; _builder_version=&#8221;4.17.6&#8243; _module_preset=&#8221;default&#8221; width=&#8221;95%&#8221; max_width=&#8221;1440px&#8221; module_alignment=&#8221;center&#8221; custom_margin=&#8221;-200px||||false|false&#8221; custom_padding=&#8221;2px|||||&#8221; custom_padding_tablet=&#8221;&#8221; custom_padding_phone=&#8221;|5%||5%|false|true&#8221; global_colors_info=&#8221;{}&#8221;][et_pb_column type=&#8221;4_4&#8243; _builder_version=&#8221;4.17.4&#8243; _module_preset=&#8221;default&#8221; global_colors_info=&#8221;{}&#8221;][et_pb_image src=&#8221;https:\/\/solongevity.com\/wp-content\/uploads\/2022\/11\/solongevity-clinic.jpg&#8221; title_text=&#8221;solongevity-clinic&#8221; force_fullwidth=&#8221;on&#8221; _builder_version=&#8221;4.17.6&#8243; _module_preset=&#8221;default&#8221; global_colors_info=&#8221;{}&#8221;][\/et_pb_image][\/et_pb_column][\/et_pb_row][et_pb_row column_structure=&#8221;3_5,2_5&#8243; custom_padding_last_edited=&#8221;on|phone&#8221; _builder_version=&#8221;4.17.6&#8243; _module_preset=&#8221;default&#8221; width=&#8221;95%&#8221; max_width=&#8221;1440px&#8221; module_alignment=&#8221;center&#8221; custom_padding=&#8221;||50px||false|false&#8221; custom_padding_tablet=&#8221;||60px||false|false&#8221; custom_padding_phone=&#8221;|5%||5%|false|true&#8221; global_colors_info=&#8221;{}&#8221;][et_pb_column type=&#8221;3_5&#8243; _builder_version=&#8221;4.17.4&#8243; _module_preset=&#8221;default&#8221; global_colors_info=&#8221;{}&#8221;][et_pb_text module_class=&#8221;sottolineato&#8221; _builder_version=&#8221;4.19.2&#8243; _module_preset=&#8221;default&#8221; custom_margin=&#8221;||50px||false|false&#8221; hover_enabled=&#8221;0&#8243; global_colors_info=&#8221;{}&#8221; module_id=&#8221;storia&#8221; sticky_enabled=&#8221;0&#8243;]<\/p>\n<h2>The History and Characteristics of the La Salette Longevity Clinic<\/h2>\n<p>[\/et_pb_text][et_pb_text _builder_version=&#8221;4.17.6&#8243; _module_preset=&#8221;default&#8221; text_text_color=&#8221;gcid-0e815d70-d1e2-4b10-b806-d1ada42eaf6e&#8221; text_font_size=&#8221;1.12rem&#8221; global_colors_info=&#8221;{%22gcid-9c4a57ae-1368-47f0-8e05-89c7dbe1c466%22:%91%22link_text_color%22,%22link_text_color%22%93,%22gcid-0e815d70-d1e2-4b10-b806-d1ada42eaf6e%22:%91%22text_text_color%22%93}&#8221;]<\/p>\n<p>La Longevity Clinic La Salette rappresenta un nuovo concetto di Clinica applicata al tema della Longevit\u00e0 e della Medicina Preventiva. Lanciata nel 2012, \u00e8 riuscita a fondere una ospitalit\u00e0 di alto livello alberghiero con un\u2019elevata professionalit\u00e0 in ambito medicale e soluzioni all\u2019avanguardia per la riabilitazione.<\/p>\n<p>La struttura originale risale al 1856, ristrutturata e interamente rinnovata grazie al gusto minimalista dell\u2019architetto Agrati, oggi rappresenta un luogo unico che ispira bellezza, pace e la tranquillit\u00e0 di un\u2019atmosfera magica.<\/p>\n<p>A soli 30km dal centro di Milano e all\u2019incrocio tra Monza, Bergamo e Lecco, si raggiunge facilmente attraverso il raccordo della Tangenziale Est, offrendo un\u2019oasi di ospitalit\u00e0 e benessere.<\/p>\n<p>Gli ospiti SoLongevity avranno l\u2019opportunit\u00e0 di usufruire di tutte le comodit\u00e0 offerte dalla Longevity Clinic La Salette sia durante il servizio di Checkup che durante i Programmi di Intervento Terapeutico del Programma Age360<\/p>\n<p>[\/et_pb_text][\/et_pb_column][et_pb_column type=&#8221;2_5&#8243; _builder_version=&#8221;4.17.4&#8243; _module_preset=&#8221;default&#8221; global_colors_info=&#8221;{}&#8221;][et_pb_blurb title=&#8221;In this page&#8221; image_icon_background_color=&#8221;RGBA(255,255,255,0)&#8221; image_icon_width=&#8221;1px&#8221; icon_alignment=&#8221;right&#8221; module_class=&#8221;blurborizzontale indice&#8221; _builder_version=&#8221;4.19.2&#8243; _module_preset=&#8221;default&#8221; header_text_color=&#8221;gcid-03c99c21-4e3e-419b-9dc5-5f282bf80544&#8243; body_text_color=&#8221;gcid-03c99c21-4e3e-419b-9dc5-5f282bf80544&#8243; body_ul_position=&#8221;inside&#8221; body_link_text_color=&#8221;gcid-9c4a57ae-1368-47f0-8e05-89c7dbe1c466&#8243; body_ul_text_color=&#8221;gcid-03c99c21-4e3e-419b-9dc5-5f282bf80544&#8243; body_ul_font_size=&#8221;1.25rem&#8221; background_color=&#8221;gcid-6361d519-a3f1-44ad-8db6-e7d077575dc1&#8243; image_icon_custom_margin=&#8221;0px|0px|0px||false|false&#8221; custom_padding=&#8221;0px|10px|0px|10px|true|true&#8221; sticky_limit_bottom=&#8221;body&#8221; hover_enabled=&#8221;0&#8243; border_radii=&#8221;on|6px|6px|6px|6px&#8221; global_colors_info=&#8221;{%22gcid-03c99c21-4e3e-419b-9dc5-5f282bf80544%22:%91%22body_text_color%22,%22header_text_color%22,%22body_ul_text_color%22,%22icon_color%22%93,%22gcid-9c4a57ae-1368-47f0-8e05-89c7dbe1c466%22:%91%22body_link_text_color%22%93,%22gcid-6361d519-a3f1-44ad-8db6-e7d077575dc1%22:%91%22background_color%22%93}&#8221; body_text_color__hover_enabled=&#8221;off|hover&#8221; theme_builder_area=&#8221;post_content&#8221; sticky_enabled=&#8221;0&#8243;]<\/p>\n<ul>\n<li><a href=\"https:\/\/solongevity.com\/en\/services-to-the-public\/age360-programme\/longevity-clinic-la-salette\/#storia\">The history and characteristics of the Clinic<\/a><\/li>\n<li><a href=\"https:\/\/solongevity.com\/en\/services-to-the-public\/age360-programme\/longevity-clinic-la-salette\/#servizi\">The services offered by the Clinic<\/a><\/li>\n<\/ul>\n<p>[\/et_pb_blurb][et_pb_blurb image=&#8221;https:\/\/solongevity.com\/wp-content\/uploads\/2022\/11\/homepage-01.jpg&#8221; module_class=&#8221;blurborizzontale esterno&#8221; _builder_version=&#8221;4.19.2&#8243; _module_preset=&#8221;default&#8221; body_link_text_color=&#8221;gcid-9c4a57ae-1368-47f0-8e05-89c7dbe1c466&#8243; background_color=&#8221;gcid-03c99c21-4e3e-419b-9dc5-5f282bf80544&#8243; image_icon_custom_margin=&#8221;0px|0px|0px|0px|false|false&#8221; background_layout=&#8221;dark&#8221; sticky_limit_bottom=&#8221;body&#8221; border_radii=&#8221;on|6px|6px|6px|6px&#8221; global_colors_info=&#8221;{%22gcid-03c99c21-4e3e-419b-9dc5-5f282bf80544%22:%91%22background_color%22%93,%22gcid-9c4a57ae-1368-47f0-8e05-89c7dbe1c466%22:%91%22body_link_text_color%22%93}&#8221;]<\/p>\n<ul>\n<li><a href=\"\/servizi-per-il-pubblico\/age360-program\">Age360 Program<\/a><\/li>\n<\/ul>\n<p>[\/et_pb_blurb][\/et_pb_column][\/et_pb_row][et_pb_row _builder_version=&#8221;4.17.6&#8243; _module_preset=&#8221;default&#8221; width=&#8221;100%&#8221; max_width=&#8221;1440px&#8221; module_alignment=&#8221;center&#8221; custom_margin=&#8221;0px||0px||true|false&#8221; custom_padding=&#8221;0px||0px||true|false&#8221; global_colors_info=&#8221;{}&#8221;][et_pb_column type=&#8221;4_4&#8243; _builder_version=&#8221;4.17.6&#8243; _module_preset=&#8221;default&#8221; global_colors_info=&#8221;{}&#8221;][et_pb_gallery gallery_ids=&#8221;15421,15583,15427,15585,15581&#8243; fullwidth=&#8221;on&#8221; _builder_version=&#8221;4.17.6&#8243; _module_preset=&#8221;default&#8221; pagination_text_color=&#8221;gcid-6361d519-a3f1-44ad-8db6-e7d077575dc1&#8243; global_colors_info=&#8221;{%22gcid-6361d519-a3f1-44ad-8db6-e7d077575dc1%22:%91%22pagination_text_color%22%93}&#8221;][\/et_pb_gallery][\/et_pb_column][\/et_pb_row][et_pb_row column_structure=&#8221;3_5,2_5&#8243; custom_padding_last_edited=&#8221;on|phone&#8221; _builder_version=&#8221;4.17.6&#8243; _module_preset=&#8221;default&#8221; width=&#8221;95%&#8221; max_width=&#8221;1440px&#8221; module_alignment=&#8221;center&#8221; custom_padding=&#8221;50px||||false|false&#8221; custom_padding_tablet=&#8221;||60px||false|false&#8221; custom_padding_phone=&#8221;|5%||5%|false|true&#8221; global_colors_info=&#8221;{}&#8221;][et_pb_column type=&#8221;3_5&#8243; _builder_version=&#8221;4.17.4&#8243; _module_preset=&#8221;default&#8221; global_colors_info=&#8221;{}&#8221;][et_pb_text module_class=&#8221;sottolineato&#8221; _builder_version=&#8221;4.19.2&#8243; _module_preset=&#8221;default&#8221; custom_margin=&#8221;||||false|false&#8221; hover_enabled=&#8221;0&#8243; global_colors_info=&#8221;{}&#8221; module_id=&#8221;servizi&#8221; sticky_enabled=&#8221;0&#8243;]<\/p>\n<h2>Longevity Clinic La Salette&#8217;s services<\/h2>\n<p>[\/et_pb_text][\/et_pb_column][et_pb_column type=&#8221;2_5&#8243; _builder_version=&#8221;4.17.4&#8243; _module_preset=&#8221;default&#8221; global_colors_info=&#8221;{}&#8221;][\/et_pb_column][\/et_pb_row][et_pb_row column_structure=&#8221;1_3,1_3,1_3&#8243; custom_padding_last_edited=&#8221;on|phone&#8221; _builder_version=&#8221;4.17.6&#8243; _module_preset=&#8221;default&#8221; width=&#8221;95%&#8221; max_width=&#8221;1440px&#8221; module_alignment=&#8221;center&#8221; custom_padding=&#8221;||50px||false|false&#8221; custom_padding_tablet=&#8221;||60px||false|false&#8221; custom_padding_phone=&#8221;|5%||5%|false|true&#8221; global_colors_info=&#8221;{}&#8221;][et_pb_column type=&#8221;1_3&#8243; _builder_version=&#8221;4.17.4&#8243; _module_preset=&#8221;default&#8221; global_colors_info=&#8221;{}&#8221;][et_pb_text ul_position=&#8221;inside&#8221; module_class=&#8221;servizilasalette&#8221; _builder_version=&#8221;4.17.6&#8243; _module_preset=&#8221;default&#8221; text_text_color=&#8221;gcid-0e815d70-d1e2-4b10-b806-d1ada42eaf6e&#8221; text_font_size=&#8221;1.12rem&#8221; global_colors_info=&#8221;{%22gcid-9c4a57ae-1368-47f0-8e05-89c7dbe1c466%22:%91%22link_text_color%22,%22link_text_color%22%93,%22gcid-0e815d70-d1e2-4b10-b806-d1ada42eaf6e%22:%91%22text_text_color%22%93}&#8221;]<\/p>\n<h3>Medical Services<\/h3>\n<p>Outpatient Services of<\/p>\n<ul>\n<li>Cardiology<\/li>\n<li>Physiatry<\/li>\n<li>Nutrition<\/li>\n<li>Physiotherapy<\/li>\n<li>Sports Medicine<\/li>\n<li>Neuropsychology<\/li>\n<li>Dermatology<\/li>\n<li>Aesthetic Medicine<\/li>\n<li>Gynecology<\/li>\n<\/ul>\n<p>Rehabilitation services and post-surgical hospitalization.<\/p>\n<p>Blood Testing and Outpatient Diagnostic Imaging Services.<\/p>\n<p>[\/et_pb_text][\/et_pb_column][et_pb_column type=&#8221;1_3&#8243; _builder_version=&#8221;4.17.4&#8243; _module_preset=&#8221;default&#8221; global_colors_info=&#8221;{}&#8221;][et_pb_text ul_position=&#8221;inside&#8221; module_class=&#8221;servizilasalette&#8221; _builder_version=&#8221;4.17.6&#8243; _module_preset=&#8221;default&#8221; text_text_color=&#8221;gcid-0e815d70-d1e2-4b10-b806-d1ada42eaf6e&#8221; text_font_size=&#8221;1.12rem&#8221; global_colors_info=&#8221;{%22gcid-9c4a57ae-1368-47f0-8e05-89c7dbe1c466%22:%91%22link_text_color%22,%22link_text_color%22%93,%22gcid-0e815d70-d1e2-4b10-b806-d1ada42eaf6e%22:%91%22text_text_color%22%93}&#8221;]<\/p>\n<h3>Ancillary Services<\/h3>\n<p>Servizio di Crioterapia per attivit\u00e0 anti-infiammatoria, di accelerazione metabolica e defatigante.<\/p>\n<p>Hydrotherapy service for restarting motor activity for individuals with poor muscle tone or long-duration patients.<\/p>\n<p>TECAR Therapy service for localized anti-inflammatory action, pain therapy, injury recovery.<\/p>\n<p>TECNOGYM gymnasium for rehabilitation and\/or fitness activities.<\/p>\n<p>[\/et_pb_text][\/et_pb_column][et_pb_column type=&#8221;1_3&#8243; _builder_version=&#8221;4.17.4&#8243; _module_preset=&#8221;default&#8221; global_colors_info=&#8221;{}&#8221;][et_pb_text ul_position=&#8221;inside&#8221; module_class=&#8221;servizilasalette&#8221; _builder_version=&#8221;4.17.6&#8243; _module_preset=&#8221;default&#8221; text_text_color=&#8221;gcid-0e815d70-d1e2-4b10-b806-d1ada42eaf6e&#8221; text_font_size=&#8221;1.12rem&#8221; global_colors_info=&#8221;{%22gcid-9c4a57ae-1368-47f0-8e05-89c7dbe1c466%22:%91%22link_text_color%22,%22link_text_color%22%93,%22gcid-0e815d70-d1e2-4b10-b806-d1ada42eaf6e%22:%91%22text_text_color%22%93}&#8221;]<\/p>\n<h3>Hospitality Services<\/h3>\n<p>Renowned Restaurant with cuisine that emphasizes local flavors, combining simplicity and sophistication.<\/p>\n<p>Suite dei Loggiati (70sqm) finely furnished with entrance to the loggias.<\/p>\n<p>Master Suites (80sqm), located in the towers with exceptional level of comfort.<\/p>\n<p>Barn Villas, true mansions, furnished with unique pieces with independent entrances on the inner courtyard.<\/p>\n<p>Ideal solutions for short or weekly stays, and ideal for post-surgery rehabilitation services or post-hospital convalescence.<\/p>\n<p>[\/et_pb_text][\/et_pb_column][\/et_pb_row][et_pb_row make_equal=&#8221;on&#8221; _builder_version=&#8221;4.19.2&#8243; _module_preset=&#8221;default&#8221; background_enable_color=&#8221;off&#8221; use_background_color_gradient=&#8221;on&#8221; background_color_gradient_stops=&#8221;rgba(0,82,93,0.9) 0%|rgba(0,82,93,0.9) 100%&#8221; background_color_gradient_overlays_image=&#8221;on&#8221; background_image=&#8221;https:\/\/solongevity.com\/wp-content\/uploads\/2022\/11\/homepage-01.jpg&#8221; background_position=&#8221;top_center&#8221; background_blend=&#8221;multiply&#8221; width=&#8221;100%&#8221; max_width=&#8221;100%&#8221; custom_padding=&#8221;110px||90px||false|false&#8221; global_colors_info=&#8221;{}&#8221;][et_pb_column type=&#8221;4_4&#8243; _builder_version=&#8221;4.17.4&#8243; _module_preset=&#8221;default&#8221; global_colors_info=&#8221;{}&#8221;][et_pb_cta title=&#8221;Book Age360 Program or receive insights into the services of the Longevity Clinic La Salette&#8221; button_url=&#8221;https:\/\/solongevity.com\/en\/contact-us\/&#8221; button_text=&#8221;CONTACT US&#8221; module_class=&#8221;popuptriggersalette&#8221; _builder_version=&#8221;4.19.2&#8243; _module_preset=&#8221;default&#8221; header_text_color=&#8221;gcid-6361d519-a3f1-44ad-8db6-e7d077575dc1&#8243; header_font_size=&#8221;2.37rem&#8221; body_text_color=&#8221;gcid-8e2f54f0-2e1e-4f90-93ea-448338a51a5c&#8221; body_font_size=&#8221;1.25rem&#8221; body_line_height=&#8221;1.3em&#8221; background_enable_color=&#8221;off&#8221; custom_button=&#8221;on&#8221; button_text_size=&#8221;1rem&#8221; button_text_color=&#8221;gcid-03c99c21-4e3e-419b-9dc5-5f282bf80544&#8243; button_bg_color=&#8221;gcid-6361d519-a3f1-44ad-8db6-e7d077575dc1&#8243; button_border_width=&#8221;0px&#8221; button_border_radius=&#8221;6px&#8221; button_font=&#8221;|||on|||||&#8221; button_use_icon=&#8221;off&#8221; button_alignment=&#8221;center&#8221; button_custom_padding=&#8221;13px|61px|13px|61px|false|false&#8221; custom_margin=&#8221;0px||0px||false|false&#8221; custom_padding=&#8221;0px||0px||false|false&#8221; global_colors_info=&#8221;{%22gcid-6361d519-a3f1-44ad-8db6-e7d077575dc1%22:%91%22header_text_color%22,%22button_bg_color%22%93,%22gcid-8e2f54f0-2e1e-4f90-93ea-448338a51a5c%22:%91%22body_text_color%22%93,%22gcid-03c99c21-4e3e-419b-9dc5-5f282bf80544%22:%91%22button_text_color%22%93}&#8221;][\/et_pb_cta][\/et_pb_column][\/et_pb_row][\/et_pb_section]<\/p>\n","protected":false},"excerpt":{"rendered":"<p>The History and Characteristics of the La Salette Longevity ClinicLa Longevity Clinic La Salette rappresenta un nuovo concetto di Clinica applicata al tema della Longevit\u00e0 e della Medicina Preventiva. Lanciata nel 2012, \u00e8 riuscita a fondere una ospitalit\u00e0 di alto livello alberghiero con un\u2019elevata professionalit\u00e0 in ambito medicale e soluzioni all\u2019avanguardia per la riabilitazione. La [&hellip;]<\/p>\n","protected":false},"author":1,"featured_media":0,"parent":16152,"menu_order":0,"comment_status":"closed","ping_status":"closed","template":"","meta":{"_et_pb_use_builder":"on","_et_pb_old_content":"","_et_gb_content_width":"","footnotes":""},"class_list":["post-18138","page","type-page","status-publish","hentry"],"acf":[],"yoast_head":"<!-- This site is optimized with the Yoast SEO plugin v27.2 - https:\/\/yoast.com\/product\/yoast-seo-wordpress\/ -->\n<title>Longevity Clinic La Salette - SoLongevity<\/title>\n<meta name=\"robots\" content=\"index, follow, max-snippet:-1, max-image-preview:large, max-video-preview:-1\" \/>\n<link rel=\"canonical\" href=\"https:\/\/solongevity.com\/en\/clinic\/age360-programme\/longevity-clinic-la-salette\/\" \/>\n<meta property=\"og:locale\" content=\"en_US\" \/>\n<meta property=\"og:type\" content=\"article\" \/>\n<meta property=\"og:title\" content=\"Longevity Clinic La Salette - SoLongevity\" \/>\n<meta property=\"og:description\" content=\"The History and Characteristics of the La Salette Longevity ClinicLa Longevity Clinic La Salette rappresenta un nuovo concetto di Clinica applicata al tema della Longevit\u00e0 e della Medicina Preventiva. Lanciata nel 2012, \u00e8 riuscita a fondere una ospitalit\u00e0 di alto livello alberghiero con un\u2019elevata professionalit\u00e0 in ambito medicale e soluzioni all\u2019avanguardia per la riabilitazione. La [&hellip;]\" \/>\n<meta property=\"og:url\" content=\"https:\/\/solongevity.com\/en\/clinic\/age360-programme\/longevity-clinic-la-salette\/\" \/>\n<meta property=\"og:site_name\" content=\"SoLongevity\" \/>\n<meta property=\"article:publisher\" content=\"https:\/\/www.facebook.com\/longevita.scienza.salute.solongevity\/\" \/>\n<meta property=\"article:modified_time\" content=\"2022-12-02T14:18:02+00:00\" \/>\n<meta name=\"twitter:card\" content=\"summary_large_image\" \/>\n<meta name=\"twitter:label1\" content=\"Est. reading time\" \/>\n\t<meta name=\"twitter:data1\" content=\"10 minutes\" \/>\n<script type=\"application\/ld+json\" class=\"yoast-schema-graph\">{\"@context\":\"https:\/\/schema.org\",\"@graph\":[{\"@type\":\"WebPage\",\"@id\":\"https:\/\/solongevity.com\/en\/clinic\/age360-programme\/longevity-clinic-la-salette\/\",\"url\":\"https:\/\/solongevity.com\/en\/clinic\/age360-programme\/longevity-clinic-la-salette\/\",\"name\":\"Longevity Clinic La Salette - SoLongevity\",\"isPartOf\":{\"@id\":\"https:\/\/solongevity.com\/en\/#website\"},\"datePublished\":\"2022-09-22T16:36:38+00:00\",\"dateModified\":\"2022-12-02T14:18:02+00:00\",\"breadcrumb\":{\"@id\":\"https:\/\/solongevity.com\/en\/clinic\/age360-programme\/longevity-clinic-la-salette\/#breadcrumb\"},\"inLanguage\":\"en-US\",\"potentialAction\":[{\"@type\":\"ReadAction\",\"target\":[\"https:\/\/solongevity.com\/en\/clinic\/age360-programme\/longevity-clinic-la-salette\/\"]}]},{\"@type\":\"BreadcrumbList\",\"@id\":\"https:\/\/solongevity.com\/en\/clinic\/age360-programme\/longevity-clinic-la-salette\/#breadcrumb\",\"itemListElement\":[{\"@type\":\"ListItem\",\"position\":1,\"name\":\"Home\",\"item\":\"https:\/\/solongevity.com\/en\/\"},{\"@type\":\"ListItem\",\"position\":2,\"name\":\"Clinic\",\"item\":\"https:\/\/solongevity.com\/en\/clinic\/\"},{\"@type\":\"ListItem\",\"position\":3,\"name\":\"Age360 Programme\",\"item\":\"https:\/\/solongevity.com\/en\/clinic\/age360-programme\/\"},{\"@type\":\"ListItem\",\"position\":4,\"name\":\"Longevity Clinic La Salette\"}]},{\"@type\":\"WebSite\",\"@id\":\"https:\/\/solongevity.com\/en\/#website\",\"url\":\"https:\/\/solongevity.com\/en\/\",\"name\":\"SoLongevity\",\"description\":\"\",\"publisher\":{\"@id\":\"https:\/\/solongevity.com\/en\/#organization\"},\"potentialAction\":[{\"@type\":\"SearchAction\",\"target\":{\"@type\":\"EntryPoint\",\"urlTemplate\":\"https:\/\/solongevity.com\/en\/?s={search_term_string}\"},\"query-input\":{\"@type\":\"PropertyValueSpecification\",\"valueRequired\":true,\"valueName\":\"search_term_string\"}}],\"inLanguage\":\"en-US\"},{\"@type\":\"Organization\",\"@id\":\"https:\/\/solongevity.com\/en\/#organization\",\"name\":\"SoLongevity\",\"url\":\"https:\/\/solongevity.com\/en\/\",\"logo\":{\"@type\":\"ImageObject\",\"inLanguage\":\"en-US\",\"@id\":\"https:\/\/solongevity.com\/en\/#\/schema\/logo\/image\/\",\"url\":\"https:\/\/solongevity.com\/wp-content\/uploads\/2022\/11\/Solongevity-logo.png\",\"contentUrl\":\"https:\/\/solongevity.com\/wp-content\/uploads\/2022\/11\/Solongevity-logo.png\",\"width\":1080,\"height\":218,\"caption\":\"SoLongevity\"},\"image\":{\"@id\":\"https:\/\/solongevity.com\/en\/#\/schema\/logo\/image\/\"},\"sameAs\":[\"https:\/\/www.facebook.com\/longevita.scienza.salute.solongevity\/\",\"https:\/\/www.instagram.com\/solongevity\/\",\"https:\/\/www.linkedin.com\/company\/solongevity\/\"]}]}<\/script>\n<!-- \/ Yoast SEO plugin. -->","yoast_head_json":{"title":"Longevity Clinic La Salette - SoLongevity","robots":{"index":"index","follow":"follow","max-snippet":"max-snippet:-1","max-image-preview":"max-image-preview:large","max-video-preview":"max-video-preview:-1"},"canonical":"https:\/\/solongevity.com\/en\/clinic\/age360-programme\/longevity-clinic-la-salette\/","og_locale":"en_US","og_type":"article","og_title":"Longevity Clinic La Salette - SoLongevity","og_description":"The History and Characteristics of the La Salette Longevity ClinicLa Longevity Clinic La Salette rappresenta un nuovo concetto di Clinica applicata al tema della Longevit\u00e0 e della Medicina Preventiva. Lanciata nel 2012, \u00e8 riuscita a fondere una ospitalit\u00e0 di alto livello alberghiero con un\u2019elevata professionalit\u00e0 in ambito medicale e soluzioni all\u2019avanguardia per la riabilitazione. La [&hellip;]","og_url":"https:\/\/solongevity.com\/en\/clinic\/age360-programme\/longevity-clinic-la-salette\/","og_site_name":"SoLongevity","article_publisher":"https:\/\/www.facebook.com\/longevita.scienza.salute.solongevity\/","article_modified_time":"2022-12-02T14:18:02+00:00","twitter_card":"summary_large_image","twitter_misc":{"Est. reading time":"10 minutes"},"schema":{"@context":"https:\/\/schema.org","@graph":[{"@type":"WebPage","@id":"https:\/\/solongevity.com\/en\/clinic\/age360-programme\/longevity-clinic-la-salette\/","url":"https:\/\/solongevity.com\/en\/clinic\/age360-programme\/longevity-clinic-la-salette\/","name":"Longevity Clinic La Salette - SoLongevity","isPartOf":{"@id":"https:\/\/solongevity.com\/en\/#website"},"datePublished":"2022-09-22T16:36:38+00:00","dateModified":"2022-12-02T14:18:02+00:00","breadcrumb":{"@id":"https:\/\/solongevity.com\/en\/clinic\/age360-programme\/longevity-clinic-la-salette\/#breadcrumb"},"inLanguage":"en-US","potentialAction":[{"@type":"ReadAction","target":["https:\/\/solongevity.com\/en\/clinic\/age360-programme\/longevity-clinic-la-salette\/"]}]},{"@type":"BreadcrumbList","@id":"https:\/\/solongevity.com\/en\/clinic\/age360-programme\/longevity-clinic-la-salette\/#breadcrumb","itemListElement":[{"@type":"ListItem","position":1,"name":"Home","item":"https:\/\/solongevity.com\/en\/"},{"@type":"ListItem","position":2,"name":"Clinic","item":"https:\/\/solongevity.com\/en\/clinic\/"},{"@type":"ListItem","position":3,"name":"Age360 Programme","item":"https:\/\/solongevity.com\/en\/clinic\/age360-programme\/"},{"@type":"ListItem","position":4,"name":"Longevity Clinic La Salette"}]},{"@type":"WebSite","@id":"https:\/\/solongevity.com\/en\/#website","url":"https:\/\/solongevity.com\/en\/","name":"SoLongevity","description":"","publisher":{"@id":"https:\/\/solongevity.com\/en\/#organization"},"potentialAction":[{"@type":"SearchAction","target":{"@type":"EntryPoint","urlTemplate":"https:\/\/solongevity.com\/en\/?s={search_term_string}"},"query-input":{"@type":"PropertyValueSpecification","valueRequired":true,"valueName":"search_term_string"}}],"inLanguage":"en-US"},{"@type":"Organization","@id":"https:\/\/solongevity.com\/en\/#organization","name":"SoLongevity","url":"https:\/\/solongevity.com\/en\/","logo":{"@type":"ImageObject","inLanguage":"en-US","@id":"https:\/\/solongevity.com\/en\/#\/schema\/logo\/image\/","url":"https:\/\/solongevity.com\/wp-content\/uploads\/2022\/11\/Solongevity-logo.png","contentUrl":"https:\/\/solongevity.com\/wp-content\/uploads\/2022\/11\/Solongevity-logo.png","width":1080,"height":218,"caption":"SoLongevity"},"image":{"@id":"https:\/\/solongevity.com\/en\/#\/schema\/logo\/image\/"},"sameAs":["https:\/\/www.facebook.com\/longevita.scienza.salute.solongevity\/","https:\/\/www.instagram.com\/solongevity\/","https:\/\/www.linkedin.com\/company\/solongevity\/"]}]}},"_links":{"self":[{"href":"https:\/\/solongevity.com\/en\/wp-json\/wp\/v2\/pages\/18138","targetHints":{"allow":["GET"]}}],"collection":[{"href":"https:\/\/solongevity.com\/en\/wp-json\/wp\/v2\/pages"}],"about":[{"href":"https:\/\/solongevity.com\/en\/wp-json\/wp\/v2\/types\/page"}],"author":[{"embeddable":true,"href":"https:\/\/solongevity.com\/en\/wp-json\/wp\/v2\/users\/1"}],"replies":[{"embeddable":true,"href":"https:\/\/solongevity.com\/en\/wp-json\/wp\/v2\/comments?post=18138"}],"version-history":[{"count":0,"href":"https:\/\/solongevity.com\/en\/wp-json\/wp\/v2\/pages\/18138\/revisions"}],"up":[{"embeddable":true,"href":"https:\/\/solongevity.com\/en\/wp-json\/wp\/v2\/pages\/16152"}],"wp:attachment":[{"href":"https:\/\/solongevity.com\/en\/wp-json\/wp\/v2\/media?parent=18138"}],"curies":[{"name":"wp","href":"https:\/\/api.w.org\/{rel}","templated":true}]}}