{"id":38884,"date":"2025-09-26T10:09:59","date_gmt":"2025-09-26T10:09:59","guid":{"rendered":"https:\/\/solongevity.com\/medical-team\/thalia-rossi\/"},"modified":"2026-05-11T13:04:40","modified_gmt":"2026-05-11T13:04:40","slug":"thalia-rossi","status":"publish","type":"page","link":"https:\/\/solongevity.com\/en\/medical-team\/thalia-rossi\/","title":{"rendered":"Thalia Rossi"},"content":{"rendered":"<p>[et_pb_section fb_built=&#8221;1&#8243; _builder_version=&#8221;4.27.4&#8243; _module_preset=&#8221;default&#8221; background_color=&#8221;gcid-03c99c21-4e3e-419b-9dc5-5f282bf80544&#8243; custom_margin=&#8221;0px||0px||false|false&#8221; custom_padding=&#8221;30px||30px||false|false&#8221; global_colors_info=&#8221;{%22gcid-03c99c21-4e3e-419b-9dc5-5f282bf80544%22:%91%22background_color%22%93}&#8221;][et_pb_row custom_padding_last_edited=&#8221;on|phone&#8221; _builder_version=&#8221;4.17.6&#8243; _module_preset=&#8221;default&#8221; width=&#8221;95%&#8221; max_width=&#8221;1440px&#8221; module_alignment=&#8221;center&#8221; custom_padding_tablet=&#8221;&#8221; custom_padding_phone=&#8221;|5%||5%|false|true&#8221; global_colors_info=&#8221;{}&#8221;][et_pb_column type=&#8221;4_4&#8243; _builder_version=&#8221;4.17.4&#8243; _module_preset=&#8221;default&#8221; global_colors_info=&#8221;{}&#8221;][et_pb_post_title meta=&#8221;off&#8221; featured_image=&#8221;off&#8221; text_color=&#8221;light&#8221; _builder_version=&#8221;4.17.6&#8243; _module_preset=&#8221;default&#8221; title_text_color=&#8221;gcid-6361d519-a3f1-44ad-8db6-e7d077575dc1&#8243; title_font_size=&#8221;3.75rem&#8221; title_font_size_tablet=&#8221;3.75rem&#8221; title_font_size_phone=&#8221;2.25rem&#8221; title_font_size_last_edited=&#8221;on|phone&#8221; global_colors_info=&#8221;{%22gcid-6361d519-a3f1-44ad-8db6-e7d077575dc1%22:%91%22title_text_color%22%93}&#8221;][\/et_pb_post_title][\/et_pb_column][\/et_pb_row][\/et_pb_section][et_pb_section fb_built=&#8221;1&#8243; custom_padding_last_edited=&#8221;on|phone&#8221; _builder_version=&#8221;4.27.4&#8243; _module_preset=&#8221;default&#8221; background_color=&#8221;gcid-2048070e-b1d9-40aa-9c02-eff53b6e8a68&#8243; custom_margin=&#8221;0px||0px||false|false&#8221; custom_padding=&#8221;||0px||false|false&#8221; custom_padding_tablet=&#8221;0px||||false|false&#8221; custom_padding_phone=&#8221;0px||0px||false|false&#8221; global_colors_info=&#8221;{%22gcid-2048070e-b1d9-40aa-9c02-eff53b6e8a68%22:%91%22background_color%22%93}&#8221;][et_pb_row column_structure=&#8221;3_5,2_5&#8243; custom_padding_last_edited=&#8221;on|phone&#8221; _builder_version=&#8221;4.17.6&#8243; _module_preset=&#8221;default&#8221; width=&#8221;95%&#8221; max_width=&#8221;1440px&#8221; module_alignment=&#8221;center&#8221; custom_padding=&#8221;||60px||false|false&#8221; custom_padding_tablet=&#8221;||60px||false|false&#8221; custom_padding_phone=&#8221;|5%|60px|5%|false|true&#8221; global_colors_info=&#8221;{}&#8221;][et_pb_column type=&#8221;3_5&#8243; _builder_version=&#8221;4.17.4&#8243; _module_preset=&#8221;default&#8221; global_colors_info=&#8221;{}&#8221;][et_pb_text _builder_version=&#8221;4.27.4&#8243; _module_preset=&#8221;default&#8221; custom_margin=&#8221;0px||30px||false|false&#8221; global_colors_info=&#8221;{%22gcid-9c4a57ae-1368-47f0-8e05-89c7dbe1c466%22:%91%22link_text_color%22%93,%22gcid-6361d519-a3f1-44ad-8db6-e7d077575dc1%22:%91%22text_text_color%22%93,%22gcid-03c99c21-4e3e-419b-9dc5-5f282bf80544%22:%91%22header_3_text_color%22%93}&#8221;]<\/p>\n<h3>  General Practitioner<br \/>\nExpert in Longevity, Functional Medicine, Anti-Aging Medicine<br \/>\nSpecialist in Aesthetic and Regenerative Medicine  <\/h3>\n<p>[\/et_pb_text][et_pb_image src=&#8221;https:\/\/solongevity.com\/wp-content\/uploads\/2025\/10\/Thalia-Rossi-team-medico.jpg&#8221; alt=&#8221;Thalia Rossi&#8221; title_text=&#8221;Thalia-Rossi-team-medical&#8221; disabled_on=&#8221;off|off|on&#8221; module_class=&#8221;comitatoscientifico&#8221; _builder_version=&#8221;4.27.4&#8243; _module_preset=&#8221;default&#8221; border_radii=&#8221;on|12px|12px|12px|12px&#8221; locked=&#8221;off&#8221; global_colors_info=&#8221;{}&#8221;][\/et_pb_image][et_pb_button button_url=&#8221;https:\/\/solongevity.com\/en\/clinic\/book-a-session-with-the-longevity-coach\/&#8221; button_text=&#8221;Request information&#8221; disabled_on=&#8221;off|off|on&#8221; _builder_version=&#8221;4.27.4&#8243; _module_preset=&#8221;default&#8221; hover_enabled=&#8221;0&#8243; locked=&#8221;off&#8221; global_colors_info=&#8221;{}&#8221; sticky_enabled=&#8221;0&#8243;][\/et_pb_button][et_pb_text _builder_version=&#8221;4.27.4&#8243; _module_preset=&#8221;default&#8221; text_text_color=&#8221;gcid-0e815d70-d1e2-4b10-b806-d1ada42eaf6e&#8221; text_font_size=&#8221;1.12rem&#8221; global_colors_info=&#8221;{%22gcid-9c4a57ae-1368-47f0-8e05-89c7dbe1c466%22:%91%22link_text_color%22,%22link_text_color%22%93,%22gcid-0e815d70-d1e2-4b10-b806-d1ada42eaf6e%22:%91%22text_text_color%22%93}&#8221;]<\/p>\n<p class=\"p1\">I am <b>Dr. Thalia Rossi<\/b>, a physician with expertise in general medicine, longevity, functional, anti-aging, aesthetic and regenerative medicine, as well as a lifestyle &amp; wellness coach. Of Italian-American descent, I was born in the United States and speak Italian, English and French. During my fifth year at university, I studied in Paris, at Sorbonne University, with clinical internships at Piti\u00e9-Salp\u00eatri\u00e8re and H\u00f4pital Tenon.  <\/p>\n<p class=\"p1\">A medical school graduate from Perugia, Italy, I started as a family physician in Lombardy. I trained in parallel in functional, integrated, antiaging and longevity medicine. I expanded my education with a Level II Master&#8217;s degree in Aesthetic and Regenerative Medicine, numerous courses in Oxygen-Ozone Therapy, regular participation in national and international congresses, and membership in scientific societies such as Nuova FIO. In April 2025, I completed a course in Coaching Techniques in Lifestyle and Wellness at Harvard Medical School, delving into aspects of Lifestyle Medicine and change management.   <\/p>\n<p class=\"p1\">My professional practice integrates innovative approaches such as biohacking, nutrition, nutraceuticals, IV Therapy and ozone therapy. In addition, I independently study neuroscience, psychology, psychotherapy, PNEI (Psycho-Neuro-Endocrine-Immunology), psychosomatics, mindfulness and Oriental medicine. <\/p>\n<p class=\"p1\">My vision of medicine goes beyond the symptom: health for me means dynamic balance between body, mind, emotions (and in some aspects spirituality). I believe strongly in empathy, authentic listening, and a personalized path for each patient. <\/p>\n<p class=\"p2\">I am actively involved in: metabolic optimization, weight management, menopause and hormonal imbalances, bone fragility (osteoporosis), cognitive performance\/cognitive longevity,<span class=\"Apple-converted-space\"> setting microbiome health plans, advanced cardiovascular prevention, oxidative stress management, regenerative skin aesthetics, integrated anti-aging protocols and lifestyle medicine, coaching techniques aimed at wellness, ozone therapy and ivi-therapy.<\/span><\/p>\n<p><b>Online presence<\/b><\/p>\n<p><i><img decoding=\"async\" class=\"alignnone wp-image-33430\" src=\"https:\/\/solongevity.com\/wp-content\/uploads\/2025\/07\/sito.jpg\" alt=\"\" width=\"20\" height=\"20\">   <a href=\"http:\/\/www.ladottoressarossi.it\" target=\"_blank\" rel=\"noopener\">www.ladottoressarossi.it\/<\/a><\/i><i><br \/><\/i><i><img decoding=\"async\" class=\"alignnone wp-image-33436\" src=\"https:\/\/solongevity.com\/wp-content\/uploads\/2025\/07\/ig.jpg\" alt=\"\" width=\"20\" height=\"20\">  <a href=\"https:\/\/www.instagram.com\/ladottoressarossi\/\" target=\"_blank\" rel=\"noopener\">Dr. Rossi<\/a><br \/><\/i><i><img decoding=\"async\" class=\"alignnone wp-image-33434\" src=\"https:\/\/solongevity.com\/wp-content\/uploads\/2025\/07\/fb.jpg\" alt=\"\" width=\"20\" height=\"20\">  <a href=\"https:\/\/www.facebook.com\/LaDottoressaRossi\/\" target=\"_blank\" rel=\"noopener\">Dr. Rossi<\/a><br \/><\/i><i><img loading=\"lazy\" loading=\"lazy\" decoding=\"async\" class=\"alignnone wp-image-33432\" src=\"https:\/\/solongevity.com\/wp-content\/uploads\/2025\/07\/tiktiok.jpg\" alt=\"\" width=\"20\" height=\"20\">  <a href=\"https:\/\/www.tiktok.com\/login?redirect_url=https%3A%2F%2Fwww.tiktok.com%2F%40ladottoressarossi&amp;lang=en&amp;enter_method=mandatory\" target=\"_blank\" rel=\"noopener\">Dr. Rossi<\/a><br \/><\/i><i><img loading=\"lazy\" loading=\"lazy\" decoding=\"async\" class=\"alignnone wp-image-33550\" src=\"https:\/\/solongevity.com\/wp-content\/uploads\/2025\/08\/yt-1.png\" alt=\"\" width=\"20\" height=\"20\">  <a href=\"https:\/\/www.youtube.com\/@Dott.ssaThaliaRossi\" target=\"_blank\" rel=\"noopener\">Dr. Rossi<\/a><br \/><\/i><\/p>\n<p>&nbsp;<\/p>\n<p>[\/et_pb_text][et_pb_code _builder_version=&#8221;4.27.4&#8243; _module_preset=&#8221;default&#8221; custom_padding=&#8221;||||false|false&#8221; custom_padding_tablet=&#8221;|15%||15%|false|false&#8221; custom_padding_phone=&#8221;|0%||0%|false|false&#8221; custom_padding_last_edited=&#8221;on|phone&#8221; locked=&#8221;off&#8221; global_colors_info=&#8221;{}&#8221;]<\/p>\n<div class=\"klaviyo-form-ShPcF4\"><\/div>\n<p>[\/et_pb_code][\/et_pb_column][et_pb_column type=&#8221;2_5&#8243; _builder_version=&#8221;4.17.4&#8243; _module_preset=&#8221;default&#8221; global_colors_info=&#8221;{}&#8221;][et_pb_image src=&#8221;https:\/\/solongevity.com\/wp-content\/uploads\/2025\/10\/Thalia-Rossi-team-medico.jpg&#8221; alt=&#8221;Thalia Rossi&#8221; title_text=&#8221;Thalia-Rossi-team-medical&#8221; disabled_on=&#8221;on|on|off&#8221; module_class=&#8221;comitatoscientifico&#8221; _builder_version=&#8221;4.27.4&#8243; _module_preset=&#8221;default&#8221; border_radii=&#8221;on|12px|12px|12px|12px&#8221; global_colors_info=&#8221;{}&#8221;][\/et_pb_image][et_pb_button button_url=&#8221;https:\/\/solongevity.com\/en\/clinic\/book-a-session-with-the-longevity-coach\/&#8221; button_text=&#8221;Request information&#8221; _builder_version=&#8221;4.27.4&#8243; _module_preset=&#8221;default&#8221; hover_enabled=&#8221;0&#8243; locked=&#8221;off&#8221; global_colors_info=&#8221;{}&#8221; sticky_enabled=&#8221;0&#8243;][\/et_pb_button][\/et_pb_column][\/et_pb_row][et_pb_row make_equal=&#8221;on&#8221; _builder_version=&#8221;4.19.2&#8243; _module_preset=&#8221;default&#8221; background_enable_color=&#8221;off&#8221; use_background_color_gradient=&#8221;on&#8221; background_color_gradient_stops=&#8221;rgba(0,82,93,0.9) 0%|rgba(0,82,93,0.9) 100%&#8221; background_color_gradient_overlays_image=&#8221;on&#8221; background_image=&#8221;https:\/\/solongevity.com\/wp-content\/uploads\/2022\/11\/SoLongevity-Comitato-Scientifico-2.jpg&#8221; background_blend=&#8221;multiply&#8221; width=&#8221;100%&#8221; max_width=&#8221;100%&#8221; custom_padding=&#8221;110px||120px||false|false&#8221; global_colors_info=&#8221;{}&#8221;][et_pb_column type=&#8221;4_4&#8243; _builder_version=&#8221;4.17.4&#8243; _module_preset=&#8221;default&#8221; global_colors_info=&#8221;{}&#8221;][et_pb_cta title=&#8221;Want to collaborate with SoLongevity?&#8221; button_url=&#8221;https:\/\/solongevity.com\/en\/contact-us\/&#8221; button_text=&#8221;CONTACT US&#8221; _builder_version=&#8221;4.17.6&#8243; _module_preset=&#8221;default&#8221; header_text_color=&#8221;gcid-6361d519-a3f1-44ad-8db6-e7d077575dc1&#8243; header_font_size=&#8221;2.37rem&#8221; body_text_color=&#8221;gcid-8e2f54f0-2e1e-4f90-93ea-448338a51a5c&#8221; body_font_size=&#8221;1.25rem&#8221; body_line_height=&#8221;1.3em&#8221; background_enable_color=&#8221;off&#8221; custom_button=&#8221;on&#8221; button_text_size=&#8221;1rem&#8221; button_text_color=&#8221;gcid-03c99c21-4e3e-419b-9dc5-5f282bf80544&#8243; button_bg_color=&#8221;gcid-6361d519-a3f1-44ad-8db6-e7d077575dc1&#8243; button_border_width=&#8221;0px&#8221; button_border_radius=&#8221;6px&#8221; button_font=&#8221;|||on|||||&#8221; button_use_icon=&#8221;off&#8221; button_alignment=&#8221;center&#8221; button_custom_padding=&#8221;13px|61px|13px|61px|false|false&#8221; custom_margin=&#8221;0px||0px||false|false&#8221; custom_padding=&#8221;0px||0px||false|false&#8221; link_option_url=&#8221;https:\/\/solongevity.com\/en\/contact-us\/&#8221; global_colors_info=&#8221;{%22gcid-6361d519-a3f1-44ad-8db6-e7d077575dc1%22:%91%22header_text_color%22,%22button_bg_color%22%93,%22gcid-8e2f54f0-2e1e-4f90-93ea-448338a51a5c%22:%91%22body_text_color%22%93,%22gcid-03c99c21-4e3e-419b-9dc5-5f282bf80544%22:%91%22button_text_color%22%93}&#8221;][\/et_pb_cta][\/et_pb_column][\/et_pb_row][\/et_pb_section]<\/p>\n","protected":false},"excerpt":{"rendered":"<p>General Practitioner Expert in Longevity, Functional Medicine, Anti-Aging Medicine Specialist in Aesthetic and Regenerative Medicine I am Dr. Thalia Rossi, a physician with expertise in general medicine, longevity, functional, anti-aging, aesthetic and regenerative medicine, as well as a lifestyle &amp; wellness coach. Of Italian-American descent, I was born in the United States and speak Italian, [&hellip;]<\/p>\n","protected":false},"author":17,"featured_media":34010,"parent":37581,"menu_order":0,"comment_status":"closed","ping_status":"closed","template":"","meta":{"_et_pb_use_builder":"on","_et_pb_old_content":"","_et_gb_content_width":"","footnotes":""},"class_list":["post-38884","page","type-page","status-publish","has-post-thumbnail","hentry"],"acf":[],"yoast_head":"<!-- This site is optimized with the Yoast SEO plugin v27.5 - https:\/\/yoast.com\/product\/yoast-seo-wordpress\/ -->\n<title>Thalia Rossi - SoLongevity<\/title>\n<meta name=\"description\" content=\"General PractitionerExpert in Longevity, Functional Medicine, Anti-Aging MedicineSpecialist in Aesthetic and Regenerative Medicine\" \/>\n<meta name=\"robots\" content=\"index, follow, max-snippet:-1, max-image-preview:large, max-video-preview:-1\" \/>\n<link rel=\"canonical\" href=\"https:\/\/solongevity.com\/en\/medical-team\/thalia-rossi\/\" \/>\n<meta property=\"og:locale\" content=\"en_US\" \/>\n<meta property=\"og:type\" content=\"article\" \/>\n<meta property=\"og:title\" content=\"Thalia Rossi - SoLongevity\" \/>\n<meta property=\"og:description\" content=\"General PractitionerExpert in Longevity, Functional Medicine, Anti-Aging MedicineSpecialist in Aesthetic and Regenerative Medicine\" \/>\n<meta property=\"og:url\" content=\"https:\/\/solongevity.com\/en\/medical-team\/thalia-rossi\/\" \/>\n<meta property=\"og:site_name\" content=\"SoLongevity\" \/>\n<meta property=\"article:publisher\" content=\"https:\/\/www.facebook.com\/longevita.scienza.salute.solongevity\/\" \/>\n<meta property=\"article:modified_time\" content=\"2026-05-11T13:04:40+00:00\" \/>\n<meta property=\"og:image\" content=\"https:\/\/solongevity.com\/wp-content\/uploads\/2025\/10\/Thalia-Rossi-team-medico.jpg\" \/>\n\t<meta property=\"og:image:width\" content=\"1200\" \/>\n\t<meta property=\"og:image:height\" content=\"1155\" \/>\n\t<meta property=\"og:image:type\" content=\"image\/jpeg\" \/>\n<meta name=\"twitter:card\" content=\"summary_large_image\" \/>\n<meta name=\"twitter:label1\" content=\"Est. reading time\" \/>\n\t<meta name=\"twitter:data1\" content=\"6 minutes\" \/>\n<script type=\"application\/ld+json\" class=\"yoast-schema-graph\">{\"@context\":\"https:\\\/\\\/schema.org\",\"@graph\":[{\"@type\":\"WebPage\",\"@id\":\"https:\\\/\\\/solongevity.com\\\/en\\\/medical-team\\\/thalia-rossi\\\/\",\"url\":\"https:\\\/\\\/solongevity.com\\\/en\\\/medical-team\\\/thalia-rossi\\\/\",\"name\":\"Thalia Rossi - SoLongevity\",\"isPartOf\":{\"@id\":\"https:\\\/\\\/solongevity.com\\\/en\\\/#website\"},\"primaryImageOfPage\":{\"@id\":\"https:\\\/\\\/solongevity.com\\\/en\\\/medical-team\\\/thalia-rossi\\\/#primaryimage\"},\"image\":{\"@id\":\"https:\\\/\\\/solongevity.com\\\/en\\\/medical-team\\\/thalia-rossi\\\/#primaryimage\"},\"thumbnailUrl\":\"https:\\\/\\\/solongevity.com\\\/wp-content\\\/uploads\\\/2025\\\/10\\\/Thalia-Rossi-team-medico.jpg\",\"datePublished\":\"2025-09-26T10:09:59+00:00\",\"dateModified\":\"2026-05-11T13:04:40+00:00\",\"description\":\"General PractitionerExpert in Longevity, Functional Medicine, Anti-Aging MedicineSpecialist in Aesthetic and Regenerative Medicine\",\"breadcrumb\":{\"@id\":\"https:\\\/\\\/solongevity.com\\\/en\\\/medical-team\\\/thalia-rossi\\\/#breadcrumb\"},\"inLanguage\":\"en-US\",\"potentialAction\":[{\"@type\":\"ReadAction\",\"target\":[\"https:\\\/\\\/solongevity.com\\\/en\\\/medical-team\\\/thalia-rossi\\\/\"]}]},{\"@type\":\"ImageObject\",\"inLanguage\":\"en-US\",\"@id\":\"https:\\\/\\\/solongevity.com\\\/en\\\/medical-team\\\/thalia-rossi\\\/#primaryimage\",\"url\":\"https:\\\/\\\/solongevity.com\\\/wp-content\\\/uploads\\\/2025\\\/10\\\/Thalia-Rossi-team-medico.jpg\",\"contentUrl\":\"https:\\\/\\\/solongevity.com\\\/wp-content\\\/uploads\\\/2025\\\/10\\\/Thalia-Rossi-team-medico.jpg\",\"width\":1200,\"height\":1155,\"caption\":\"Thalia Rossi\"},{\"@type\":\"BreadcrumbList\",\"@id\":\"https:\\\/\\\/solongevity.com\\\/en\\\/medical-team\\\/thalia-rossi\\\/#breadcrumb\",\"itemListElement\":[{\"@type\":\"ListItem\",\"position\":1,\"name\":\"Home\",\"item\":\"https:\\\/\\\/solongevity.com\\\/en\\\/\"},{\"@type\":\"ListItem\",\"position\":2,\"name\":\"Medical Team\",\"item\":\"https:\\\/\\\/solongevity.com\\\/en\\\/medical-team\\\/\"},{\"@type\":\"ListItem\",\"position\":3,\"name\":\"Thalia Rossi\"}]},{\"@type\":\"WebSite\",\"@id\":\"https:\\\/\\\/solongevity.com\\\/en\\\/#website\",\"url\":\"https:\\\/\\\/solongevity.com\\\/en\\\/\",\"name\":\"SoLongevity\",\"description\":\"\",\"publisher\":{\"@id\":\"https:\\\/\\\/solongevity.com\\\/en\\\/#organization\"},\"potentialAction\":[{\"@type\":\"SearchAction\",\"target\":{\"@type\":\"EntryPoint\",\"urlTemplate\":\"https:\\\/\\\/solongevity.com\\\/en\\\/?s={search_term_string}\"},\"query-input\":{\"@type\":\"PropertyValueSpecification\",\"valueRequired\":true,\"valueName\":\"search_term_string\"}}],\"inLanguage\":\"en-US\"},{\"@type\":\"Organization\",\"@id\":\"https:\\\/\\\/solongevity.com\\\/en\\\/#organization\",\"name\":\"SoLongevity\",\"url\":\"https:\\\/\\\/solongevity.com\\\/en\\\/\",\"logo\":{\"@type\":\"ImageObject\",\"inLanguage\":\"en-US\",\"@id\":\"https:\\\/\\\/solongevity.com\\\/en\\\/#\\\/schema\\\/logo\\\/image\\\/\",\"url\":\"https:\\\/\\\/solongevity.com\\\/wp-content\\\/uploads\\\/2022\\\/11\\\/Solongevity-logo.png\",\"contentUrl\":\"https:\\\/\\\/solongevity.com\\\/wp-content\\\/uploads\\\/2022\\\/11\\\/Solongevity-logo.png\",\"width\":1080,\"height\":218,\"caption\":\"SoLongevity\"},\"image\":{\"@id\":\"https:\\\/\\\/solongevity.com\\\/en\\\/#\\\/schema\\\/logo\\\/image\\\/\"},\"sameAs\":[\"https:\\\/\\\/www.facebook.com\\\/longevita.scienza.salute.solongevity\\\/\",\"https:\\\/\\\/www.instagram.com\\\/solongevity\\\/\",\"https:\\\/\\\/www.linkedin.com\\\/company\\\/solongevity\\\/\"]}]}<\/script>\n<!-- \/ Yoast SEO plugin. -->","yoast_head_json":{"title":"Thalia Rossi - SoLongevity","description":"General PractitionerExpert in Longevity, Functional Medicine, Anti-Aging MedicineSpecialist in Aesthetic and Regenerative Medicine","robots":{"index":"index","follow":"follow","max-snippet":"max-snippet:-1","max-image-preview":"max-image-preview:large","max-video-preview":"max-video-preview:-1"},"canonical":"https:\/\/solongevity.com\/en\/medical-team\/thalia-rossi\/","og_locale":"en_US","og_type":"article","og_title":"Thalia Rossi - SoLongevity","og_description":"General PractitionerExpert in Longevity, Functional Medicine, Anti-Aging MedicineSpecialist in Aesthetic and Regenerative Medicine","og_url":"https:\/\/solongevity.com\/en\/medical-team\/thalia-rossi\/","og_site_name":"SoLongevity","article_publisher":"https:\/\/www.facebook.com\/longevita.scienza.salute.solongevity\/","article_modified_time":"2026-05-11T13:04:40+00:00","og_image":[{"width":1200,"height":1155,"url":"https:\/\/solongevity.com\/wp-content\/uploads\/2025\/10\/Thalia-Rossi-team-medico.jpg","type":"image\/jpeg"}],"twitter_card":"summary_large_image","twitter_misc":{"Est. reading time":"6 minutes"},"schema":{"@context":"https:\/\/schema.org","@graph":[{"@type":"WebPage","@id":"https:\/\/solongevity.com\/en\/medical-team\/thalia-rossi\/","url":"https:\/\/solongevity.com\/en\/medical-team\/thalia-rossi\/","name":"Thalia Rossi - SoLongevity","isPartOf":{"@id":"https:\/\/solongevity.com\/en\/#website"},"primaryImageOfPage":{"@id":"https:\/\/solongevity.com\/en\/medical-team\/thalia-rossi\/#primaryimage"},"image":{"@id":"https:\/\/solongevity.com\/en\/medical-team\/thalia-rossi\/#primaryimage"},"thumbnailUrl":"https:\/\/solongevity.com\/wp-content\/uploads\/2025\/10\/Thalia-Rossi-team-medico.jpg","datePublished":"2025-09-26T10:09:59+00:00","dateModified":"2026-05-11T13:04:40+00:00","description":"General PractitionerExpert in Longevity, Functional Medicine, Anti-Aging MedicineSpecialist in Aesthetic and Regenerative Medicine","breadcrumb":{"@id":"https:\/\/solongevity.com\/en\/medical-team\/thalia-rossi\/#breadcrumb"},"inLanguage":"en-US","potentialAction":[{"@type":"ReadAction","target":["https:\/\/solongevity.com\/en\/medical-team\/thalia-rossi\/"]}]},{"@type":"ImageObject","inLanguage":"en-US","@id":"https:\/\/solongevity.com\/en\/medical-team\/thalia-rossi\/#primaryimage","url":"https:\/\/solongevity.com\/wp-content\/uploads\/2025\/10\/Thalia-Rossi-team-medico.jpg","contentUrl":"https:\/\/solongevity.com\/wp-content\/uploads\/2025\/10\/Thalia-Rossi-team-medico.jpg","width":1200,"height":1155,"caption":"Thalia Rossi"},{"@type":"BreadcrumbList","@id":"https:\/\/solongevity.com\/en\/medical-team\/thalia-rossi\/#breadcrumb","itemListElement":[{"@type":"ListItem","position":1,"name":"Home","item":"https:\/\/solongevity.com\/en\/"},{"@type":"ListItem","position":2,"name":"Medical Team","item":"https:\/\/solongevity.com\/en\/medical-team\/"},{"@type":"ListItem","position":3,"name":"Thalia Rossi"}]},{"@type":"WebSite","@id":"https:\/\/solongevity.com\/en\/#website","url":"https:\/\/solongevity.com\/en\/","name":"SoLongevity","description":"","publisher":{"@id":"https:\/\/solongevity.com\/en\/#organization"},"potentialAction":[{"@type":"SearchAction","target":{"@type":"EntryPoint","urlTemplate":"https:\/\/solongevity.com\/en\/?s={search_term_string}"},"query-input":{"@type":"PropertyValueSpecification","valueRequired":true,"valueName":"search_term_string"}}],"inLanguage":"en-US"},{"@type":"Organization","@id":"https:\/\/solongevity.com\/en\/#organization","name":"SoLongevity","url":"https:\/\/solongevity.com\/en\/","logo":{"@type":"ImageObject","inLanguage":"en-US","@id":"https:\/\/solongevity.com\/en\/#\/schema\/logo\/image\/","url":"https:\/\/solongevity.com\/wp-content\/uploads\/2022\/11\/Solongevity-logo.png","contentUrl":"https:\/\/solongevity.com\/wp-content\/uploads\/2022\/11\/Solongevity-logo.png","width":1080,"height":218,"caption":"SoLongevity"},"image":{"@id":"https:\/\/solongevity.com\/en\/#\/schema\/logo\/image\/"},"sameAs":["https:\/\/www.facebook.com\/longevita.scienza.salute.solongevity\/","https:\/\/www.instagram.com\/solongevity\/","https:\/\/www.linkedin.com\/company\/solongevity\/"]}]}},"_links":{"self":[{"href":"https:\/\/solongevity.com\/en\/wp-json\/wp\/v2\/pages\/38884","targetHints":{"allow":["GET"]}}],"collection":[{"href":"https:\/\/solongevity.com\/en\/wp-json\/wp\/v2\/pages"}],"about":[{"href":"https:\/\/solongevity.com\/en\/wp-json\/wp\/v2\/types\/page"}],"author":[{"embeddable":true,"href":"https:\/\/solongevity.com\/en\/wp-json\/wp\/v2\/users\/17"}],"replies":[{"embeddable":true,"href":"https:\/\/solongevity.com\/en\/wp-json\/wp\/v2\/comments?post=38884"}],"version-history":[{"count":4,"href":"https:\/\/solongevity.com\/en\/wp-json\/wp\/v2\/pages\/38884\/revisions"}],"predecessor-version":[{"id":38888,"href":"https:\/\/solongevity.com\/en\/wp-json\/wp\/v2\/pages\/38884\/revisions\/38888"}],"up":[{"embeddable":true,"href":"https:\/\/solongevity.com\/en\/wp-json\/wp\/v2\/pages\/37581"}],"wp:featuredmedia":[{"embeddable":true,"href":"https:\/\/solongevity.com\/en\/wp-json\/wp\/v2\/media\/34010"}],"wp:attachment":[{"href":"https:\/\/solongevity.com\/en\/wp-json\/wp\/v2\/media?parent=38884"}],"curies":[{"name":"wp","href":"https:\/\/api.w.org\/{rel}","templated":true}]}}