{"id":248,"date":"2022-06-08T16:46:37","date_gmt":"2022-06-08T14:46:37","guid":{"rendered":"https:\/\/solongevity.com\/pro\/?page_id=248"},"modified":"2023-03-25T09:50:39","modified_gmt":"2023-03-25T08:50:39","slug":"home","status":"publish","type":"page","link":"https:\/\/solongevity.com\/pro\/","title":{"rendered":"Home"},"content":{"rendered":"<p>[et_pb_section fb_built=&#8221;1&#8243; _builder_version=&#8221;4.19.0&#8243; _module_preset=&#8221;default&#8221; custom_margin=&#8221;0px||0px||true|false&#8221; custom_padding=&#8221;0px||0px||true|false&#8221; global_colors_info=&#8221;{}&#8221;][et_pb_row _builder_version=&#8221;4.19.0&#8243; _module_preset=&#8221;default&#8221; width=&#8221;100%&#8221; max_width=&#8221;1440px&#8221; module_alignment=&#8221;center&#8221; custom_padding=&#8221;0px||||false|false&#8221; global_colors_info=&#8221;{}&#8221;][et_pb_column type=&#8221;4_4&#8243; _builder_version=&#8221;4.17.4&#8243; _module_preset=&#8221;default&#8221; global_colors_info=&#8221;{}&#8221;][et_pb_image src=&#8221;https:\/\/solongevity.com\/pro\/wp-content\/uploads\/2023\/03\/solongevity-pro-scaled-1.jpg&#8221; title_text=&#8221;solongevity-pro-scaled&#8221; _builder_version=&#8221;4.20.0&#8243; _module_preset=&#8221;default&#8221; global_colors_info=&#8221;{}&#8221;][\/et_pb_image][\/et_pb_column][\/et_pb_row][et_pb_row column_structure=&#8221;1_2,1_2&#8243; _builder_version=&#8221;4.19.0&#8243; _module_preset=&#8221;default&#8221; width=&#8221;95%&#8221; max_width=&#8221;1440px&#8221; module_alignment=&#8221;center&#8221; global_colors_info=&#8221;{}&#8221;][et_pb_column type=&#8221;1_2&#8243; _builder_version=&#8221;4.17.4&#8243; _module_preset=&#8221;default&#8221; global_colors_info=&#8221;{}&#8221;][et_pb_text _builder_version=&#8221;4.19.0&#8243; _module_preset=&#8221;default&#8221; text_font_size=&#8221;1.25rem&#8221; header_3_font_size=&#8221;2.38rem&#8221; module_alignment=&#8221;center&#8221; global_colors_info=&#8221;{}&#8221;]<\/p>\n<h3>Benvenuta\/o su SoLongevity Pro!<\/h3>\n<p>SoLongevity Pro \u00e8 la piattaforma SoLongevity per i professionisti della salute e della sanit\u00e0, uno spazio dedicato alla ricerca scientifica, alla formazione e ai servizi per i medici e il mondo farmacia.<\/p>\n<p>[\/et_pb_text][et_pb_button button_url=&#8221;https:\/\/solongevity.com\/pro\/registrazione\/&#8221; button_text=&#8221;REGISTRATI&#8221; _builder_version=&#8221;4.20.2&#8243; _module_preset=&#8221;default&#8221; custom_button=&#8221;on&#8221; button_use_icon=&#8221;off&#8221; custom_padding=&#8221;13px|50px|13px|50px|true|true&#8221; hover_enabled=&#8221;0&#8243; global_colors_info=&#8221;{}&#8221; custom_css_main_element=&#8221;float: left;&#8221; sticky_enabled=&#8221;0&#8243;][\/et_pb_button][et_pb_button button_url=&#8221;https:\/\/solongevity.com\/pro\/account\/&#8221; button_text=&#8221;ACCEDI&#8221; _builder_version=&#8221;4.20.2&#8243; _module_preset=&#8221;default&#8221; custom_button=&#8221;on&#8221; button_use_icon=&#8221;off&#8221; custom_padding=&#8221;13px|50px|13px|50px|true|true&#8221; hover_enabled=&#8221;0&#8243; global_colors_info=&#8221;{}&#8221; custom_css_main_element=&#8221;float: left;||margin-left: 5%&#8221; sticky_enabled=&#8221;0&#8243;][\/et_pb_button][\/et_pb_column][et_pb_column type=&#8221;1_2&#8243; _builder_version=&#8221;4.17.4&#8243; _module_preset=&#8221;default&#8221; global_colors_info=&#8221;{}&#8221;][et_pb_text _builder_version=&#8221;4.19.0&#8243; _module_preset=&#8221;default&#8221; text_font_size=&#8221;1.25rem&#8221; header_3_font_size=&#8221;2.38rem&#8221; module_alignment=&#8221;center&#8221; global_colors_info=&#8221;{}&#8221;]<\/p>\n<h3>Chi \u00e8 SoLongevity<\/h3>\n<p>SoLongevity \u00e8 una realt\u00e0 italiana con sguardo internazionale che ha come obiettivo preservare quella che l\u2019Organizzazione Mondiale della Sanita\u0300 ha definito \u201criserva fisiologica\u201d: il \u201ccapitale-longevita\u0300\u201d individuale con cui nasciamo e che costituisce il potenziale di salute e benessere per gli anni futuri.<\/p>\n<p>Lo facciamo con lo sviluppo della ricerca nel campo dell\u2019healthy-aging, mettendo a punto protocolli clinici e prodotti nutraceutici validati con rigorosi studi clinici.<\/p>\n<p>SoLongevity promuove l\u2019invecchiamento in piena salute.<\/p>\n<p>Le nostre soluzioni vogliono permettere a ogni persona di raggiungere e mantenere il suo massimo potenziale, contrastando le condizioni di rischio correlate alle patologie dell\u2019invecchiamento.<\/p>\n<p>[\/et_pb_text][\/et_pb_column][\/et_pb_row][\/et_pb_section][et_pb_section fb_built=&#8221;1&#8243; _builder_version=&#8221;4.19.0&#8243; _module_preset=&#8221;default&#8221; width=&#8221;100%&#8221; max_width=&#8221;100%&#8221; module_alignment=&#8221;center&#8221; custom_padding=&#8221;0px||0px||true|false&#8221; global_colors_info=&#8221;{}&#8221;][\/et_pb_section][et_pb_section fb_built=&#8221;1&#8243; _builder_version=&#8221;4.19.0&#8243; _module_preset=&#8221;default&#8221; width=&#8221;100%&#8221; max_width=&#8221;100%&#8221; module_alignment=&#8221;center&#8221; custom_padding=&#8221;0px||||false|false&#8221; global_colors_info=&#8221;{}&#8221;][et_pb_row _builder_version=&#8221;4.17.6&#8243; _module_preset=&#8221;default&#8221; background_enable_color=&#8221;off&#8221; use_background_color_gradient=&#8221;on&#8221; background_color_gradient_stops=&#8221;rgba(0,82,93,0.9) 0%|rgba(0,82,93,0.9) 100%&#8221; background_color_gradient_overlays_image=&#8221;on&#8221; background_image=&#8221;https:\/\/solongevity.com\/pro\/wp-content\/uploads\/2022\/11\/Menopausa-e-memoria_1-1.jpg&#8221; background_blend=&#8221;multiply&#8221; width=&#8221;100%&#8221; max_width=&#8221;100%&#8221; module_alignment=&#8221;center&#8221; custom_margin=&#8221;0px||0px||false|false&#8221; custom_padding=&#8221;110px||120px||false|false&#8221; global_colors_info=&#8221;{}&#8221;][et_pb_column type=&#8221;4_4&#8243; _builder_version=&#8221;4.17.4&#8243; _module_preset=&#8221;default&#8221; global_colors_info=&#8221;{}&#8221;][et_pb_cta title=&#8221;Vuoi maggiori informazioni o approfondimenti, anche di carattere professionale?&#8221; button_url=&#8221;\/contattaci&#8221; button_text=&#8221;CONTATTACI&#8221; _builder_version=&#8221;4.19.0&#8243; _module_preset=&#8221;default&#8221; header_text_color=&#8221;gcid-6361d519-a3f1-44ad-8db6-e7d077575dc1&#8243; header_font_size=&#8221;2.37rem&#8221; body_text_color=&#8221;gcid-8e2f54f0-2e1e-4f90-93ea-448338a51a5c&#8221; body_font_size=&#8221;1.25rem&#8221; body_line_height=&#8221;1.3em&#8221; background_enable_color=&#8221;off&#8221; custom_button=&#8221;on&#8221; button_text_size=&#8221;1rem&#8221; button_text_color=&#8221;#011B20&#8243; button_bg_color=&#8221;#FFFFFF&#8221; button_border_width=&#8221;0px&#8221; button_border_radius=&#8221;6px&#8221; button_font=&#8221;|||on|||||&#8221; button_use_icon=&#8221;off&#8221; button_alignment=&#8221;center&#8221; button_custom_padding=&#8221;13px|61px|13px|61px|false|false&#8221; width=&#8221;70%&#8221; module_alignment=&#8221;center&#8221; custom_margin=&#8221;0px||0px||false|false&#8221; custom_padding=&#8221;0px||0px||false|false&#8221; global_colors_info=&#8221;{%22gcid-6361d519-a3f1-44ad-8db6-e7d077575dc1%22:%91%22header_text_color%22,%22button_bg_color%22%93,%22gcid-8e2f54f0-2e1e-4f90-93ea-448338a51a5c%22:%91%22body_text_color%22%93,%22gcid-03c99c21-4e3e-419b-9dc5-5f282bf80544%22:%91%22button_text_color%22%93}&#8221;][\/et_pb_cta][\/et_pb_column][\/et_pb_row][\/et_pb_section]<\/p>\n","protected":false},"excerpt":{"rendered":"<p>Benvenuta\/o su SoLongevity Pro! SoLongevity Pro \u00e8 la piattaforma SoLongevity per i professionisti della salute e della sanit\u00e0, uno spazio dedicato alla ricerca scientifica, alla formazione e ai servizi per i medici e il mondo farmacia.Chi \u00e8 SoLongevity SoLongevity \u00e8 una realt\u00e0 italiana con sguardo internazionale che ha come obiettivo preservare quella che l\u2019Organizzazione Mondiale [&hellip;]<\/p>\n","protected":false},"author":1,"featured_media":0,"parent":0,"menu_order":0,"comment_status":"closed","ping_status":"closed","template":"","meta":{"_et_pb_use_builder":"on","_et_pb_old_content":"","_et_gb_content_width":"","_themeisle_gutenberg_block_has_review":false,"footnotes":""},"acf":[],"_links":{"self":[{"href":"https:\/\/solongevity.com\/pro\/wp-json\/wp\/v2\/pages\/248"}],"collection":[{"href":"https:\/\/solongevity.com\/pro\/wp-json\/wp\/v2\/pages"}],"about":[{"href":"https:\/\/solongevity.com\/pro\/wp-json\/wp\/v2\/types\/page"}],"author":[{"embeddable":true,"href":"https:\/\/solongevity.com\/pro\/wp-json\/wp\/v2\/users\/1"}],"replies":[{"embeddable":true,"href":"https:\/\/solongevity.com\/pro\/wp-json\/wp\/v2\/comments?post=248"}],"version-history":[{"count":0,"href":"https:\/\/solongevity.com\/pro\/wp-json\/wp\/v2\/pages\/248\/revisions"}],"wp:attachment":[{"href":"https:\/\/solongevity.com\/pro\/wp-json\/wp\/v2\/media?parent=248"}],"curies":[{"name":"wp","href":"https:\/\/api.w.org\/{rel}","templated":true}]}}